{"id":1964,"date":"2021-05-18T13:02:08","date_gmt":"2021-05-18T13:02:08","guid":{"rendered":"https:\/\/wgl-demo.net\/pawscare\/?page_id=1964"},"modified":"2024-07-20T10:18:54","modified_gmt":"2024-07-20T07:18:54","slug":"galerija","status":"publish","type":"page","link":"https:\/\/petshotel.lt\/en\/galerija\/","title":{"rendered":"GALLERY"},"content":{"rendered":"<div data-elementor-type=\"wp-page\" data-elementor-id=\"1964\" class=\"elementor elementor-1964\">\n\t\t\t\t\t\t<section class=\"elementor-section elementor-top-section elementor-element elementor-element-9a81d3d elementor-section-boxed elementor-section-height-default elementor-section-height-default\" data-id=\"9a81d3d\" data-element_type=\"section\">\n\t\t\t\t\t\t<div class=\"elementor-container elementor-column-gap-default\">\n\t\t\t\t\t<div class=\"elementor-column elementor-col-100 elementor-top-column elementor-element elementor-element-f8a0cf2\" data-id=\"f8a0cf2\" data-element_type=\"column\">\n\t\t\t<div class=\"elementor-widget-wrap elementor-element-populated\">\n\t\t\t\t\t\t<div class=\"elementor-element elementor-element-4786e64 elementor-widget elementor-widget-spacer\" data-id=\"4786e64\" data-element_type=\"widget\" data-widget_type=\"spacer.default\">\n\t\t\t\t<div class=\"elementor-widget-container\">\n\t\t\t\t\t<div class=\"elementor-spacer\">\n\t\t\t<div class=\"elementor-spacer-inner\"><\/div>\n\t\t<\/div>\n\t\t\t\t<\/div>\n\t\t\t\t<\/div>\n\t\t\t\t<div class=\"elementor-element elementor-element-1b71634 acenter elementor-widget elementor-widget-wgl-double-heading\" data-id=\"1b71634\" data-element_type=\"widget\" data-widget_type=\"wgl-double-heading.default\">\n\t\t\t\t<div class=\"elementor-widget-container\">\n\t\t\t<div class=\"wgl-double-heading\"><div class=\"dblh__subtitle\">OUR<\/div><h3 class=\"dblh__title-wrapper\"><span class=\"dblh__title dblh__title-1\">GALLERY<\/span><\/h3><\/div>\t\t<\/div>\n\t\t\t\t<\/div>\n\t\t\t\t<div class=\"elementor-element elementor-element-8d16ab0 elementor-widget elementor-widget-spacer\" data-id=\"8d16ab0\" data-element_type=\"widget\" data-widget_type=\"spacer.default\">\n\t\t\t\t<div class=\"elementor-widget-container\">\n\t\t\t\t\t<div class=\"elementor-spacer\">\n\t\t\t<div class=\"elementor-spacer-inner\"><\/div>\n\t\t<\/div>\n\t\t\t\t<\/div>\n\t\t\t\t<\/div>\n\t\t\t\t<div class=\"elementor-element elementor-element-ecc060d elementor-widget elementor-widget-wgl-portfolio\" data-id=\"ecc060d\" data-element_type=\"widget\" data-widget_type=\"wgl-portfolio.default\">\n\t\t\t\t<div class=\"elementor-widget-container\">\n\t\t\t<section class=\"wgl_cpt_section\"><div class=\"wgl-portfolio\" id=\"portfolio_module_69ee2a1109c71\"><div class=\"portfolio__filter isotope-filter filter-swiper\"><div class=\"swiper-wrapper\"><a href=\"#\" data-filter=\".portfolio__item\" class=\"filter__cat swiper-slide active\">All<span class=\"filter_counter\"><\/span><\/a><a class=\"filter__cat swiper-slide\" href=\"https:\/\/petshotel.lt\/en\/portfolio-category\/aplinka\/\" data-filter=\".aplinka\">Environment<span class=\"filter_counter\"><\/span><\/a><a class=\"filter__cat swiper-slide\" href=\"https:\/\/petshotel.lt\/en\/portfolio-category\/kirpykla\/\" data-filter=\".kirpykla\">Hairdresser<span class=\"filter_counter\"><\/span><\/a><a class=\"filter__cat swiper-slide\" href=\"https:\/\/petshotel.lt\/en\/portfolio-category\/viesbutis\/\" data-filter=\".viesbutis\">Hotel<span class=\"filter_counter\"><\/span><\/a><\/div><\/div><div class=\"portfolio__wrapper\"><div class=\"wgl-portfolio_container container-grid row appear-animation anim-fade-in masonry isotope col-3\"  style=\"margin-right: -15px; margin-left: -15px; margin-bottom: -30px;\"><article class=\"portfolio__item item\"  style=\"padding: 0 15px 30px;\"><div class=\"item__wrapper gallery_mode\"><div class=\"item__image\"><img decoding=\"async\" src=\"https:\/\/petshotel.lt\/wp-content\/uploads\/2025\/03\/IMG_8447-scaled-740x740.jpg\" alt=\"Gyv\u016bn\u0173 vie\u0161butis\"><\/div><a href=\"https:\/\/petshotel.lt\/wp-content\/uploads\/2025\/03\/IMG_8447-scaled.jpg\" class=\"overlay\" data-elementor-open-lightbox=\"yes\" data-elementor-lightbox-slideshow=\"portfolio_module_69ee2a1109c71\"><i class=\"flaticon flaticon-loupe\" aria-hidden=\"true\"><\/i><\/a><\/div><\/article><article class=\"portfolio__item item\"  style=\"padding: 0 15px 30px;\"><div class=\"item__wrapper gallery_mode\"><div class=\"item__image\"><img decoding=\"async\" src=\"https:\/\/petshotel.lt\/wp-content\/uploads\/2025\/03\/IMG_9183-scaled-740x740.jpg\" alt=\"Gyv\u016bn\u0173 vie\u0161butis\"><\/div><a href=\"https:\/\/petshotel.lt\/wp-content\/uploads\/2025\/03\/IMG_9183-scaled.jpg\" class=\"overlay\" data-elementor-open-lightbox=\"yes\" data-elementor-lightbox-slideshow=\"portfolio_module_69ee2a1109c71\"><i class=\"flaticon flaticon-loupe\" aria-hidden=\"true\"><\/i><\/a><\/div><\/article><article class=\"portfolio__item item\"  style=\"padding: 0 15px 30px;\"><div class=\"item__wrapper gallery_mode\"><div class=\"item__image\"><img decoding=\"async\" src=\"https:\/\/petshotel.lt\/wp-content\/uploads\/2025\/03\/IMG_8943-scaled-740x740.jpg\" alt=\"Gyv\u016bn\u0173 vie\u0161butis\"><\/div><a href=\"https:\/\/petshotel.lt\/wp-content\/uploads\/2025\/03\/IMG_8943-scaled.jpg\" class=\"overlay\" data-elementor-open-lightbox=\"yes\" data-elementor-lightbox-slideshow=\"portfolio_module_69ee2a1109c71\"><i class=\"flaticon flaticon-loupe\" aria-hidden=\"true\"><\/i><\/a><\/div><\/article><article class=\"portfolio__item item viesbutis\"  style=\"padding: 0 15px 30px;\"><div class=\"item__wrapper gallery_mode\"><div class=\"item__image\"><img decoding=\"async\" src=\"https:\/\/petshotel.lt\/wp-content\/uploads\/2025\/02\/IMG_7941-scaled-740x740.jpeg\" alt=\"Gyv\u016bn\u0173 vie\u0161butis\"><\/div><a href=\"https:\/\/petshotel.lt\/wp-content\/uploads\/2025\/02\/IMG_7941-scaled.jpeg\" class=\"overlay\" data-elementor-open-lightbox=\"yes\" data-elementor-lightbox-slideshow=\"portfolio_module_69ee2a1109c71\"><i class=\"flaticon flaticon-loupe\" aria-hidden=\"true\"><\/i><\/a><\/div><\/article><article class=\"portfolio__item item viesbutis\"  style=\"padding: 0 15px 30px;\"><div class=\"item__wrapper gallery_mode\"><div class=\"item__image\"><img decoding=\"async\" src=\"https:\/\/petshotel.lt\/wp-content\/uploads\/2025\/02\/IMG_7539-scaled-740x740.jpeg\" alt=\"Gyv\u016bn\u0173 vie\u0161butis\"><\/div><a href=\"https:\/\/petshotel.lt\/wp-content\/uploads\/2025\/02\/IMG_7539-scaled.jpeg\" class=\"overlay\" data-elementor-open-lightbox=\"yes\" data-elementor-lightbox-slideshow=\"portfolio_module_69ee2a1109c71\"><i class=\"flaticon flaticon-loupe\" aria-hidden=\"true\"><\/i><\/a><\/div><\/article><article class=\"portfolio__item item viesbutis\"  style=\"padding: 0 15px 30px;\"><div class=\"item__wrapper gallery_mode\"><div class=\"item__image\"><img decoding=\"async\" src=\"https:\/\/petshotel.lt\/wp-content\/uploads\/2025\/02\/IMG_7490-scaled-740x740.jpeg\" alt=\"Gyv\u016bn\u0173 vie\u0161butis\"><\/div><a href=\"https:\/\/petshotel.lt\/wp-content\/uploads\/2025\/02\/IMG_7490-scaled.jpeg\" class=\"overlay\" data-elementor-open-lightbox=\"yes\" data-elementor-lightbox-slideshow=\"portfolio_module_69ee2a1109c71\"><i class=\"flaticon flaticon-loupe\" aria-hidden=\"true\"><\/i><\/a><\/div><\/article><article class=\"portfolio__item item viesbutis\"  style=\"padding: 0 15px 30px;\"><div class=\"item__wrapper gallery_mode\"><div class=\"item__image\"><img decoding=\"async\" src=\"https:\/\/petshotel.lt\/wp-content\/uploads\/2025\/02\/IMG_7462-scaled-740x740.jpeg\" alt=\"Gyv\u016bn\u0173 vie\u0161butis\"><\/div><a href=\"https:\/\/petshotel.lt\/wp-content\/uploads\/2025\/02\/IMG_7462-scaled.jpeg\" class=\"overlay\" data-elementor-open-lightbox=\"yes\" data-elementor-lightbox-slideshow=\"portfolio_module_69ee2a1109c71\"><i class=\"flaticon flaticon-loupe\" aria-hidden=\"true\"><\/i><\/a><\/div><\/article><article class=\"portfolio__item item viesbutis\"  style=\"padding: 0 15px 30px;\"><div class=\"item__wrapper gallery_mode\"><div class=\"item__image\"><img decoding=\"async\" src=\"https:\/\/petshotel.lt\/wp-content\/uploads\/2025\/01\/IMG_5343-1-1-scaled-740x740.jpeg\" alt=\"Gyv\u016bn\u0173 vie\u0161butis\"><\/div><a href=\"https:\/\/petshotel.lt\/wp-content\/uploads\/2025\/01\/IMG_5343-1-1-scaled.jpeg\" class=\"overlay\" data-elementor-open-lightbox=\"yes\" data-elementor-lightbox-slideshow=\"portfolio_module_69ee2a1109c71\"><i class=\"flaticon flaticon-loupe\" aria-hidden=\"true\"><\/i><\/a><\/div><\/article><article class=\"portfolio__item item viesbutis\"  style=\"padding: 0 15px 30px;\"><div class=\"item__wrapper gallery_mode\"><div class=\"item__image\"><img decoding=\"async\" src=\"https:\/\/petshotel.lt\/wp-content\/uploads\/2025\/01\/IMG_5355-1-1-scaled-740x740.jpeg\" alt=\"Gyv\u016bn\u0173 vie\u0161butis\"><\/div><a href=\"https:\/\/petshotel.lt\/wp-content\/uploads\/2025\/01\/IMG_5355-1-1-scaled.jpeg\" class=\"overlay\" data-elementor-open-lightbox=\"yes\" data-elementor-lightbox-slideshow=\"portfolio_module_69ee2a1109c71\"><i class=\"flaticon flaticon-loupe\" aria-hidden=\"true\"><\/i><\/a><\/div><\/article><article class=\"portfolio__item item viesbutis\"  style=\"padding: 0 15px 30px;\"><div class=\"item__wrapper gallery_mode\"><div class=\"item__image\"><img decoding=\"async\" src=\"https:\/\/petshotel.lt\/wp-content\/uploads\/2025\/01\/IMG_5553-1-1-scaled-740x740.jpeg\" alt=\"Gyv\u016bn\u0173 vie\u0161butis\"><\/div><a href=\"https:\/\/petshotel.lt\/wp-content\/uploads\/2025\/01\/IMG_5553-1-1-scaled.jpeg\" class=\"overlay\" data-elementor-open-lightbox=\"yes\" data-elementor-lightbox-slideshow=\"portfolio_module_69ee2a1109c71\"><i class=\"flaticon flaticon-loupe\" aria-hidden=\"true\"><\/i><\/a><\/div><\/article><article class=\"portfolio__item item viesbutis\"  style=\"padding: 0 15px 30px;\"><div class=\"item__wrapper gallery_mode\"><div class=\"item__image\"><img decoding=\"async\" src=\"https:\/\/petshotel.lt\/wp-content\/uploads\/2025\/01\/IMG_5583-1-1-scaled-740x740.jpeg\" alt=\"Gyv\u016bn\u0173 vie\u0161butis\"><\/div><a href=\"https:\/\/petshotel.lt\/wp-content\/uploads\/2025\/01\/IMG_5583-1-1-scaled.jpeg\" class=\"overlay\" data-elementor-open-lightbox=\"yes\" data-elementor-lightbox-slideshow=\"portfolio_module_69ee2a1109c71\"><i class=\"flaticon flaticon-loupe\" aria-hidden=\"true\"><\/i><\/a><\/div><\/article><article class=\"portfolio__item item viesbutis\"  style=\"padding: 0 15px 30px;\"><div class=\"item__wrapper gallery_mode\"><div class=\"item__image\"><img decoding=\"async\" src=\"https:\/\/petshotel.lt\/wp-content\/uploads\/2025\/01\/IMG_6120-scaled-740x740.jpeg\" alt=\"Gyv\u016bn\u0173 vie\u0161butis\"><\/div><a href=\"https:\/\/petshotel.lt\/wp-content\/uploads\/2025\/01\/IMG_6120-scaled.jpeg\" class=\"overlay\" data-elementor-open-lightbox=\"yes\" data-elementor-lightbox-slideshow=\"portfolio_module_69ee2a1109c71\"><i class=\"flaticon flaticon-loupe\" aria-hidden=\"true\"><\/i><\/a><\/div><\/article><article class=\"portfolio__item item viesbutis\"  style=\"padding: 0 15px 30px;\"><div class=\"item__wrapper gallery_mode\"><div class=\"item__image\"><img decoding=\"async\" src=\"https:\/\/petshotel.lt\/wp-content\/uploads\/2025\/01\/IMG_6530-scaled-740x740.jpeg\" alt=\"Gyv\u016bn\u0173 vie\u0161butis\"><\/div><a href=\"https:\/\/petshotel.lt\/wp-content\/uploads\/2025\/01\/IMG_6530-scaled.jpeg\" class=\"overlay\" data-elementor-open-lightbox=\"yes\" data-elementor-lightbox-slideshow=\"portfolio_module_69ee2a1109c71\"><i class=\"flaticon flaticon-loupe\" aria-hidden=\"true\"><\/i><\/a><\/div><\/article><article class=\"portfolio__item item kirpykla\"  style=\"padding: 0 15px 30px;\"><div class=\"item__wrapper gallery_mode\"><div class=\"item__image\"><img decoding=\"async\" src=\"https:\/\/petshotel.lt\/wp-content\/uploads\/2025\/01\/IMG_4786-scaled-740x740.jpeg\" alt=\"Gyv\u016bn\u0173 vie\u0161butis\"><\/div><a href=\"https:\/\/petshotel.lt\/wp-content\/uploads\/2025\/01\/IMG_4786-scaled.jpeg\" class=\"overlay\" data-elementor-open-lightbox=\"yes\" data-elementor-lightbox-slideshow=\"portfolio_module_69ee2a1109c71\"><i class=\"flaticon flaticon-loupe\" aria-hidden=\"true\"><\/i><\/a><\/div><\/article><article class=\"portfolio__item item kirpykla\"  style=\"padding: 0 15px 30px;\"><div class=\"item__wrapper gallery_mode\"><div class=\"item__image\"><img decoding=\"async\" src=\"https:\/\/petshotel.lt\/wp-content\/uploads\/2025\/01\/IMG_4809-scaled-740x740.jpeg\" alt=\"Gyv\u016bn\u0173 vie\u0161butis\"><\/div><a href=\"https:\/\/petshotel.lt\/wp-content\/uploads\/2025\/01\/IMG_4809-scaled.jpeg\" class=\"overlay\" data-elementor-open-lightbox=\"yes\" data-elementor-lightbox-slideshow=\"portfolio_module_69ee2a1109c71\"><i class=\"flaticon flaticon-loupe\" aria-hidden=\"true\"><\/i><\/a><\/div><\/article><article class=\"portfolio__item item kirpykla\"  style=\"padding: 0 15px 30px;\"><div class=\"item__wrapper gallery_mode\"><div class=\"item__image\"><img decoding=\"async\" src=\"https:\/\/petshotel.lt\/wp-content\/uploads\/2025\/01\/IMG_4793-scaled-740x740.jpeg\" alt=\"Gyv\u016bn\u0173 vie\u0161butis\"><\/div><a href=\"https:\/\/petshotel.lt\/wp-content\/uploads\/2025\/01\/IMG_4793-scaled.jpeg\" class=\"overlay\" data-elementor-open-lightbox=\"yes\" data-elementor-lightbox-slideshow=\"portfolio_module_69ee2a1109c71\"><i class=\"flaticon flaticon-loupe\" aria-hidden=\"true\"><\/i><\/a><\/div><\/article><article class=\"portfolio__item item kirpykla\"  style=\"padding: 0 15px 30px;\"><div class=\"item__wrapper gallery_mode\"><div class=\"item__image\"><img decoding=\"async\" src=\"https:\/\/petshotel.lt\/wp-content\/uploads\/2025\/01\/IMG_4631-scaled-740x740.jpeg\" alt=\"Gyv\u016bn\u0173 vie\u0161butis\"><\/div><a href=\"https:\/\/petshotel.lt\/wp-content\/uploads\/2025\/01\/IMG_4631-scaled.jpeg\" class=\"overlay\" data-elementor-open-lightbox=\"yes\" data-elementor-lightbox-slideshow=\"portfolio_module_69ee2a1109c71\"><i class=\"flaticon flaticon-loupe\" aria-hidden=\"true\"><\/i><\/a><\/div><\/article><article class=\"portfolio__item item viesbutis\"  style=\"padding: 0 15px 30px;\"><div class=\"item__wrapper gallery_mode\"><div class=\"item__image\"><img decoding=\"async\" src=\"https:\/\/petshotel.lt\/wp-content\/uploads\/2025\/01\/IMG_6436-scaled-740x740.jpeg\" alt=\"Gyv\u016bn\u0173 vie\u0161butis\"><\/div><a href=\"https:\/\/petshotel.lt\/wp-content\/uploads\/2025\/01\/IMG_6436-scaled.jpeg\" class=\"overlay\" data-elementor-open-lightbox=\"yes\" data-elementor-lightbox-slideshow=\"portfolio_module_69ee2a1109c71\"><i class=\"flaticon flaticon-loupe\" aria-hidden=\"true\"><\/i><\/a><\/div><\/article><\/div><\/div><div class=\"clear\"><\/div><div class=\"text-center load_more_wrapper\"><div class=\"infinity_item\"><span class=\"wgl-ellipsis\"><span><\/span><span><\/span><span><\/span><span><\/span><\/span><\/div><form class=\"posts_grid_ajax\" action=\"\"><input type='hidden' class='ajax_data' name='69ee2a1111417_ajax_data' value='{&quot;show_filter&quot;:&quot;yes&quot;,&quot;remainings_loading_type&quot;:&quot;infinite&quot;,&quot;number_of_posts&quot;:18,&quot;thubmnail_overlay_idle_background&quot;:&quot;classic&quot;,&quot;thubmnail_overlay_hover_background&quot;:&quot;classic&quot;,&quot;thubmnail_overlay_hover_position&quot;:&quot;initial&quot;,&quot;thubmnail_overlay_hover_xpos&quot;:{&quot;unit&quot;:&quot;px&quot;,&quot;size&quot;:-220,&quot;sizes&quot;:[]},&quot;thubmnail_overlay_hover_attachment&quot;:&quot;scroll&quot;,&quot;thubmnail_overlay_hover_repeat&quot;:&quot;no-repeat&quot;,&quot;thubmnail_overlay_hover_size&quot;:&quot;cover&quot;,&quot;headings_typography_typography&quot;:&quot;custom&quot;,&quot;headings_typography_font_size_mobile&quot;:{&quot;unit&quot;:&quot;px&quot;,&quot;size&quot;:28,&quot;sizes&quot;:[]},&quot;appear_animation_enabled&quot;:&quot;yes&quot;,&quot;gallery_mode_enabled&quot;:&quot;yes&quot;,&quot;thubmnail_overlay_hover_color&quot;:&quot;#564741E6&quot;,&quot;filter_border_color_idle&quot;:&quot;#EFEAE3&quot;,&quot;posts_per_row&quot;:&quot;3&quot;,&quot;layout&quot;:&quot;grid&quot;,&quot;grid_gap&quot;:30,&quot;img_size_string&quot;:&quot;740&quot;,&quot;remainings_loading_btn_items_amount&quot;:4,&quot;appear_animation_style&quot;:&quot;fade-in&quot;,&quot;order_by&quot;:&quot;date&quot;,&quot;order&quot;:&quot;DESC&quot;,&quot;thubmnail_overlay_idle_image&quot;:{&quot;url&quot;:&quot;&quot;,&quot;id&quot;:&quot;&quot;,&quot;size&quot;:&quot;&quot;},&quot;thubmnail_overlay_hover_image&quot;:{&quot;url&quot;:&quot;&quot;,&quot;id&quot;:&quot;&quot;,&quot;size&quot;:&quot;&quot;},&quot;_transform_keep_proportions&quot;:&quot;yes&quot;,&quot;_transform_keep_proportions_hover&quot;:&quot;yes&quot;,&quot;module_id&quot;:&quot;portfolio_module_69ee2a1109c71&quot;,&quot;query_args&quot;:{&quot;post_status&quot;:&quot;publish&quot;,&quot;posts_per_page&quot;:18,&quot;orderby&quot;:&quot;date&quot;,&quot;order&quot;:&quot;DESC&quot;,&quot;paged&quot;:1,&quot;post_type&quot;:&quot;portfolio&quot;},&quot;post_count&quot;:18,&quot;found_posts&quot;:38,&quot;masonry_post_index&quot;:6}' \/><input type=\"hidden\" name=\"trp-form-language\" value=\"en\"\/><\/form><\/div><\/div><\/section>\t\t<\/div>\n\t\t\t\t<\/div>\n\t\t\t\t<div class=\"elementor-element elementor-element-8f9ee37 elementor-widget elementor-widget-spacer\" data-id=\"8f9ee37\" data-element_type=\"widget\" data-widget_type=\"spacer.default\">\n\t\t\t\t<div class=\"elementor-widget-container\">\n\t\t\t\t\t<div class=\"elementor-spacer\">\n\t\t\t<div class=\"elementor-spacer-inner\"><\/div>\n\t\t<\/div>\n\t\t\t\t<\/div>\n\t\t\t\t<\/div>\n\t\t\t\t\t<\/div>\n\t\t<\/div>\n\t\t\t\t\t<\/div>\n\t\t<\/section>\n\t\t\t\t<\/div>","protected":false},"excerpt":{"rendered":"<p>M\u016aS\u0172 GALERIJA AllAplinkaDres\u016braKirpyklaVie\u0161butis<\/p>","protected":false},"author":1,"featured_media":0,"parent":0,"menu_order":0,"comment_status":"closed","ping_status":"closed","template":"","meta":{"_monsterinsights_skip_tracking":false,"_monsterinsights_sitenote_active":false,"_monsterinsights_sitenote_note":"","_monsterinsights_sitenote_category":0,"footnotes":""},"aioseo_notices":[],"_links":{"self":[{"href":"https:\/\/petshotel.lt\/en\/wp-json\/wp\/v2\/pages\/1964"}],"collection":[{"href":"https:\/\/petshotel.lt\/en\/wp-json\/wp\/v2\/pages"}],"about":[{"href":"https:\/\/petshotel.lt\/en\/wp-json\/wp\/v2\/types\/page"}],"author":[{"embeddable":true,"href":"https:\/\/petshotel.lt\/en\/wp-json\/wp\/v2\/users\/1"}],"replies":[{"embeddable":true,"href":"https:\/\/petshotel.lt\/en\/wp-json\/wp\/v2\/comments?post=1964"}],"version-history":[{"count":0,"href":"https:\/\/petshotel.lt\/en\/wp-json\/wp\/v2\/pages\/1964\/revisions"}],"wp:attachment":[{"href":"https:\/\/petshotel.lt\/en\/wp-json\/wp\/v2\/media?parent=1964"}],"curies":[{"name":"wp","href":"https:\/\/api.w.org\/{rel}","templated":true}]}}