{"id":637,"date":"2021-05-13T11:28:56","date_gmt":"2021-05-13T11:28:56","guid":{"rendered":"https:\/\/wgl-demo.net\/pawscare\/?page_id=637"},"modified":"2026-01-15T12:12:43","modified_gmt":"2026-01-15T09:12:43","slug":"kontaktai","status":"publish","type":"page","link":"https:\/\/petshotel.lt\/en\/kontaktai\/","title":{"rendered":"CONTACTS"},"content":{"rendered":"<div data-elementor-type=\"wp-page\" data-elementor-id=\"637\" class=\"elementor elementor-637\">\n\t\t\t\t\t\t<section class=\"elementor-section elementor-top-section elementor-element elementor-element-e2a8638 elementor-section-boxed elementor-section-height-default elementor-section-height-default\" data-id=\"e2a8638\" data-element_type=\"section\">\n\t\t\t\t\t\t<div class=\"elementor-container elementor-column-gap-default\">\n\t\t\t\t\t<div class=\"elementor-column elementor-col-100 elementor-top-column elementor-element elementor-element-1a34245\" data-id=\"1a34245\" data-element_type=\"column\">\n\t\t\t<div class=\"elementor-widget-wrap elementor-element-populated\">\n\t\t\t\t\t\t<div class=\"elementor-element elementor-element-b865b48 elementor-widget elementor-widget-spacer\" data-id=\"b865b48\" data-element_type=\"widget\" data-widget_type=\"spacer.default\">\n\t\t\t\t<div class=\"elementor-widget-container\">\n\t\t\t\t\t<div class=\"elementor-spacer\">\n\t\t\t<div class=\"elementor-spacer-inner\"><\/div>\n\t\t<\/div>\n\t\t\t\t<\/div>\n\t\t\t\t<\/div>\n\t\t\t\t\t<\/div>\n\t\t<\/div>\n\t\t\t\t\t<\/div>\n\t\t<\/section>\n\t\t\t\t<section class=\"elementor-section elementor-top-section elementor-element elementor-element-9bda9a7 elementor-section-boxed elementor-section-height-default elementor-section-height-default\" data-id=\"9bda9a7\" data-element_type=\"section\">\n\t\t\t\t\t\t<div class=\"elementor-container elementor-column-gap-default\">\n\t\t\t\t\t<div class=\"elementor-column elementor-col-50 elementor-top-column elementor-element elementor-element-406c624\" data-id=\"406c624\" data-element_type=\"column\">\n\t\t\t<div class=\"elementor-widget-wrap elementor-element-populated\">\n\t\t\t\t\t\t<div class=\"elementor-element elementor-element-66ae334 a-tabletcenter aleft elementor-widget elementor-widget-wgl-double-heading\" data-id=\"66ae334\" data-element_type=\"widget\" id=\"zoo\" data-widget_type=\"wgl-double-heading.default\">\n\t\t\t\t<div class=\"elementor-widget-container\">\n\t\t\t<div class=\"wgl-double-heading\"><div class=\"dblh__subtitle\">Our<\/div><h3 class=\"dblh__title-wrapper\"><span class=\"dblh__title dblh__title-1\">Contacts<\/span><\/h3><\/div>\t\t<\/div>\n\t\t\t\t<\/div>\n\t\t\t\t<div class=\"elementor-element elementor-element-127dda5 elementor-widget elementor-widget-spacer\" data-id=\"127dda5\" data-element_type=\"widget\" data-widget_type=\"spacer.default\">\n\t\t\t\t<div class=\"elementor-widget-container\">\n\t\t\t\t\t<div class=\"elementor-spacer\">\n\t\t\t<div class=\"elementor-spacer-inner\"><\/div>\n\t\t<\/div>\n\t\t\t\t<\/div>\n\t\t\t\t<\/div>\n\t\t\t\t<div class=\"elementor-element elementor-element-7b12bc3 aleft elementor-widget__width-initial elementor-widget-tablet__width-initial elementor-widget-mobile__width-inherit elementor-widget-icon-box wgl-icon-box elementor-view-default elementor-invisible elementor-widget elementor-widget-wgl-info-box\" data-id=\"7b12bc3\" data-element_type=\"widget\" data-settings=\"{&quot;_animation&quot;:&quot;fadeInUp&quot;}\" data-widget_type=\"wgl-info-box.default\">\n\t\t\t\t<div class=\"elementor-widget-container\">\n\t\t\t<div class=\"wgl-infobox\"><div class=\"infobox__container wgl-layout-left\"><div class=\"media-wrapper icon-wrapper\"><span class=\"wgl-icon\" ><i class=\"icon elementor-icon flaticon flaticon-placeholder-1\" aria-hidden=\"true\"><\/i><\/span><\/div><div class=\"content__wrapper\"><div class=\"infobox__titles\"><h3 class=\"titles__title\"><span class=\"title__text\">Address<\/span><\/h3><\/div><div class=\"infobox__content\"><p>Vilniaus raj., Lavori\u0161ki\u0173 sen., Pe\u010diulin\u0117s 3, LT-15231<\/p><\/div><\/div><\/div><\/div>\t\t<\/div>\n\t\t\t\t<\/div>\n\t\t\t\t<div class=\"elementor-element elementor-element-80bf186 aleft elementor-widget__width-initial elementor-widget-tablet__width-initial elementor-widget-icon-box wgl-icon-box elementor-view-default elementor-invisible elementor-widget elementor-widget-wgl-info-box\" data-id=\"80bf186\" data-element_type=\"widget\" data-settings=\"{&quot;_animation&quot;:&quot;fadeInUp&quot;}\" data-widget_type=\"wgl-info-box.default\">\n\t\t\t\t<div class=\"elementor-widget-container\">\n\t\t\t<div class=\"wgl-infobox\"><a class=\"infobox__link\" href=\"tel: 37063120449\"><\/a><div class=\"infobox__container wgl-layout-left\"><div class=\"media-wrapper icon-wrapper\"><span class=\"wgl-icon\" ><i class=\"icon elementor-icon flaticon flaticon-call\" aria-hidden=\"true\"><\/i><\/span><\/div><div class=\"content__wrapper\"><div class=\"infobox__titles\"><h3 class=\"titles__title\"><span class=\"title__text\">Phone<\/span><\/h3><\/div><div class=\"infobox__content\"><p><span>+370 63120449<\/span><\/p><\/div><\/div><\/div><\/div>\t\t<\/div>\n\t\t\t\t<\/div>\n\t\t\t\t<div class=\"elementor-element elementor-element-362dae1 aleft elementor-widget__width-initial elementor-widget-tablet__width-initial elementor-widget-mobile__width-inherit elementor-widget-icon-box wgl-icon-box elementor-view-default elementor-invisible elementor-widget elementor-widget-wgl-info-box\" data-id=\"362dae1\" data-element_type=\"widget\" data-settings=\"{&quot;_animation&quot;:&quot;fadeInUp&quot;}\" data-widget_type=\"wgl-info-box.default\">\n\t\t\t\t<div class=\"elementor-widget-container\">\n\t\t\t<div class=\"wgl-infobox\"><a class=\"infobox__link\" href=\"mailto:info@petshotel.lt\"><\/a><div class=\"infobox__container wgl-layout-left\"><div class=\"media-wrapper icon-wrapper\"><span class=\"wgl-icon\" ><i class=\"icon elementor-icon flaticon flaticon-internet\" aria-hidden=\"true\"><\/i><\/span><\/div><div class=\"content__wrapper\"><div class=\"infobox__titles\"><h3 class=\"titles__title\"><span class=\"title__text\">E. mail<\/span><\/h3><\/div><div class=\"infobox__content\"><p>info@petshotel.lt<\/p><\/div><\/div><\/div><\/div>\t\t<\/div>\n\t\t\t\t<\/div>\n\t\t\t\t\t<\/div>\n\t\t<\/div>\n\t\t\t\t<div class=\"elementor-column elementor-col-50 elementor-top-column elementor-element elementor-element-2dec15e\" data-id=\"2dec15e\" data-element_type=\"column\">\n\t\t\t<div class=\"elementor-widget-wrap elementor-element-populated\">\n\t\t\t\t\t\t<div class=\"elementor-element elementor-element-f609de3 a-tabletcenter aleft elementor-widget elementor-widget-wgl-double-heading\" data-id=\"f609de3\" data-element_type=\"widget\" data-widget_type=\"wgl-double-heading.default\">\n\t\t\t\t<div class=\"elementor-widget-container\">\n\t\t\t<div class=\"wgl-double-heading\"><div class=\"dblh__subtitle\">Contact form<\/div><h3 class=\"dblh__title-wrapper\"><span class=\"dblh__title dblh__title-1\">Ask a question<\/span><\/h3><\/div>\t\t<\/div>\n\t\t\t\t<\/div>\n\t\t\t\t<div class=\"elementor-element elementor-element-b2ae551 elementor-widget elementor-widget-shortcode\" data-id=\"b2ae551\" data-element_type=\"widget\" data-widget_type=\"shortcode.default\">\n\t\t\t\t<div class=\"elementor-widget-container\">\n\t\t\t\t\t<div class=\"elementor-shortcode\"><div class=\"forminator-ui forminator-custom-form forminator-custom-form-16 forminator-design--default  forminator_ajax\" data-forminator-render=\"0\" data-form=\"forminator-module-16\" data-uid=\"69ee29386bb33\"><br\/><\/div><form\n\t\t\t\tid=\"forminator-module-16\"\n\t\t\t\tclass=\"forminator-ui forminator-custom-form forminator-custom-form-16 forminator-design--default  forminator_ajax\"\n\t\t\t\tmethod=\"post\"\n\t\t\t\tdata-forminator-render=\"0\"\n\t\t\t\tdata-form-id=\"16\"\n\t\t\t\t\n\t\t\t\tdata-design=\"default\"\n\t\t\t\t\n\t\t\t\t\n\t\t\t\t\n\t\t\t\tdata-grid=\"open\"\n\t\t\t\t\n\t\t\t\t\n\t\t\t\tstyle=\"display: none;\"\n\t\t\t\t\n\t\t\t\tdata-uid=\"69ee29386bb33\" action=\"\"\n\t\t\t><div role=\"alert\" aria-live=\"polite\" class=\"forminator-response-message forminator-error\" aria-hidden=\"true\"><\/div><div class=\"forminator-row\"><div id=\"name-1\" class=\"forminator-field-name forminator-col forminator-col-12\"><div class=\"forminator-field\"><label for=\"forminator-field-name-1_69ee29386bb33\" id=\"forminator-field-name-1_69ee29386bb33-label\" class=\"forminator-label\">Name <span class=\"forminator-required\">*<\/span><\/label><input type=\"text\" name=\"name-1\" value=\"\" placeholder=\"\" id=\"forminator-field-name-1_69ee29386bb33\" class=\"forminator-input forminator-name--field\" aria-required=\"true\" \/><\/div><\/div><\/div><div class=\"forminator-row\"><div id=\"email-1\" class=\"forminator-field-email forminator-col forminator-col-12\"><div class=\"forminator-field\"><label for=\"forminator-field-email-1_69ee29386bb33\" id=\"forminator-field-email-1_69ee29386bb33-label\" class=\"forminator-label\">E. mail <span class=\"forminator-required\">*<\/span><\/label><input type=\"email\" name=\"email-1\" value=\"\" placeholder=\"\" id=\"forminator-field-email-1_69ee29386bb33\" class=\"forminator-input forminator-email--field\" data-required=\"true\" aria-required=\"true\" \/><\/div><\/div><\/div><div class=\"forminator-row\"><div id=\"phone-1\" class=\"forminator-field-phone forminator-col forminator-col-12\"><div class=\"forminator-field\"><label for=\"forminator-field-phone-1_69ee29386bb33\" id=\"forminator-field-phone-1_69ee29386bb33-label\" class=\"forminator-label\">Telephone number<\/label><input type=\"text\" name=\"phone-1\" value=\"\" placeholder=\"\" id=\"forminator-field-phone-1_69ee29386bb33\" class=\"forminator-input forminator-field--phone\" data-required=\"\" aria-required=\"false\" autocomplete=\"off\" \/><\/div><\/div><\/div><div class=\"forminator-row\"><div id=\"textarea-1\" class=\"forminator-field-textarea forminator-col forminator-col-12\"><div class=\"forminator-field\"><label for=\"forminator-field-textarea-1_69ee29386bb33\" id=\"forminator-field-textarea-1_69ee29386bb33-label\" class=\"forminator-label\">Comment<\/label><textarea name=\"textarea-1\" placeholder=\"\" id=\"forminator-field-textarea-1_69ee29386bb33\" class=\"forminator-textarea\" rows=\"6\" style=\"min-height:140px;\" maxlength=\"180\" ><\/textarea><span id=\"forminator-field-textarea-1_69ee29386bb33-description\" class=\"forminator-description\"><span data-limit=\"180\" data-type=\"characters\" data-editor=\"\">0 \/ 180<\/span><\/span><\/div><\/div><\/div><input type=\"hidden\" name=\"referer_url\" value=\"\" \/><div class=\"forminator-row forminator-row-last\"><div class=\"forminator-col\"><div class=\"forminator-field\"><button class=\"forminator-button forminator-button-submit\">Send a message<\/button><\/div><\/div><\/div><input type=\"hidden\" id=\"forminator_nonce\" name=\"forminator_nonce\" value=\"e2f63d66d0\" \/><input type=\"hidden\" name=\"_wp_http_referer\" value=\"\/en\/wp-json\/wp\/v2\/pages\/637\" \/><input type=\"hidden\" name=\"form_id\" value=\"16\"><input type=\"hidden\" name=\"page_id\" value=\"637\"><input type=\"hidden\" name=\"form_type\" value=\"default\"><input type=\"hidden\" name=\"current_url\" value=\"https:\/\/petshotel.lt\/en\/kontaktai\/\"><input type=\"hidden\" name=\"render_id\" value=\"0\"><input type=\"hidden\" name=\"action\" value=\"forminator_submit_form_custom-forms\"><input type=\"hidden\" name=\"trp-form-language\" value=\"en\"\/><\/form><\/div>\n\t\t\t\t<\/div>\n\t\t\t\t<\/div>\n\t\t\t\t\t<\/div>\n\t\t<\/div>\n\t\t\t\t\t<\/div>\n\t\t<\/section>\n\t\t<div class=\"elementor-element elementor-element-076426e e-flex e-con-boxed e-con e-parent\" data-id=\"076426e\" data-element_type=\"container\">\n\t\t\t\t\t<div class=\"e-con-inner\">\n\t\t<div class=\"elementor-element elementor-element-a7f564f e-con-full e-flex e-con e-child\" data-id=\"a7f564f\" data-element_type=\"container\">\n\t\t\t\t<div class=\"elementor-element elementor-element-26b422e elementor-widget elementor-widget-heading\" data-id=\"26b422e\" data-element_type=\"widget\" data-widget_type=\"heading.default\">\n\t\t\t\t<div class=\"elementor-widget-container\">\n\t\t\t<h2 class=\"elementor-heading-title elementor-size-default\">Arrival information<\/h2>\t\t<\/div>\n\t\t\t\t<\/div>\n\t\t\t\t<div class=\"elementor-element elementor-element-4c12e0a elementor-widget elementor-widget-text-editor\" data-id=\"4c12e0a\" data-element_type=\"widget\" data-widget_type=\"text-editor.default\">\n\t\t\t\t<div class=\"elementor-widget-container\">\n\t\t\t\t\t\t\t<p>We drive along the main road Vilnius - Polockas 103 (towards Lavori\u0161ki\u0173), after reaching III Uosininkus we turn left (the sign will be Girininkijos g), then we drive straight along the gravel road keeping to the right (navigation often shows the road to go left, but we are not deceived and keep to the right <img decoding=\"async\" class=\"emoji\" role=\"img\" draggable=\"false\" src=\"https:\/\/s.w.org\/images\/core\/emoji\/15.0.3\/svg\/1f60a.svg\" alt=\"\ud83d\ude0a\" \/>). We reach the intersection in the forest (about 1 km from the asphalt), turn left towards the sign Budreli\u0161k\u0117s and drive straight until we see the sign Pe\u010diulin\u0117. When you see the sign Pe\u010diulin\u0117, you will immediately see our Animal Hotel - the \"Prie Vilnel\u0117s\" hairdressing salon on the left side.<\/p><p>The easiest way to find us is by entering the coordinates (54.728478, 25.606247) or by clicking on the link below, but it is important to remember that after turning off the asphalt at the first fork, we keep to the right.<\/p>\t\t\t\t\t\t<\/div>\n\t\t\t\t<\/div>\n\t\t\t\t<\/div>\n\t\t<div class=\"elementor-element elementor-element-7f6441b e-con-full e-flex e-con e-child\" data-id=\"7f6441b\" data-element_type=\"container\">\n\t\t\t\t<div class=\"elementor-element elementor-element-2ead0f5 elementor-widget elementor-widget-image\" data-id=\"2ead0f5\" data-element_type=\"widget\" data-widget_type=\"image.default\">\n\t\t\t\t<div class=\"elementor-widget-container\">\n\t\t\t\t\t\t\t\t\t\t\t\t\t<img fetchpriority=\"high\" decoding=\"async\" width=\"1024\" height=\"518\" src=\"https:\/\/petshotel.lt\/wp-content\/uploads\/2024\/07\/123-1024x518.png\" class=\"attachment-large size-large wp-image-7327\" alt=\"Adresas\" srcset=\"https:\/\/petshotel.lt\/wp-content\/uploads\/2024\/07\/123-1024x518.png 1024w, https:\/\/petshotel.lt\/wp-content\/uploads\/2024\/07\/123-300x152.png 300w, https:\/\/petshotel.lt\/wp-content\/uploads\/2024\/07\/123-768x389.png 768w, https:\/\/petshotel.lt\/wp-content\/uploads\/2024\/07\/123.png 1460w\" sizes=\"(max-width: 1024px) 100vw, 1024px\" \/>\t\t\t\t\t\t\t\t\t\t\t\t\t<\/div>\n\t\t\t\t<\/div>\n\t\t\t\t<\/div>\n\t\t\t\t\t<\/div>\n\t\t\t\t<\/div>\n\t\t<div class=\"elementor-element elementor-element-48f0338 e-flex e-con-boxed e-con e-parent\" data-id=\"48f0338\" data-element_type=\"container\">\n\t\t\t\t\t<div class=\"e-con-inner\">\n\t\t\t\t<div class=\"elementor-element elementor-element-50a39fc elementor-widget elementor-widget-google_maps\" data-id=\"50a39fc\" data-element_type=\"widget\" data-widget_type=\"google_maps.default\">\n\t\t\t\t<div class=\"elementor-widget-container\">\n\t\t\t\t\t<div class=\"elementor-custom-embed\">\n\t\t\t<iframe loading=\"lazy\"\n\t\t\t\t\tsrc=\"https:\/\/maps.google.com\/maps?q=54.728478%2C%2025.606247&#038;t=m&#038;z=14&#038;output=embed&#038;iwloc=near\"\n\t\t\t\t\ttitle=\"54.728478, 25.606247\"\n\t\t\t\t\taria-label=\"54.728478, 25.606247\"\n\t\t\t><\/iframe>\n\t\t<\/div>\n\t\t\t\t<\/div>\n\t\t\t\t<\/div>\n\t\t\t\t\t<\/div>\n\t\t\t\t<\/div>\n\t\t\t\t<section class=\"elementor-section elementor-top-section elementor-element elementor-element-f2dfdec elementor-section-boxed elementor-section-height-default elementor-section-height-default\" data-id=\"f2dfdec\" data-element_type=\"section\" data-settings=\"{&quot;background_background&quot;:&quot;classic&quot;}\">\n\t\t\t\t\t\t\t<div class=\"elementor-background-overlay\"><\/div>\n\t\t\t\t\t\t\t<div class=\"elementor-container elementor-column-gap-default\">\n\t\t\t\t\t<div class=\"elementor-column elementor-col-100 elementor-top-column elementor-element elementor-element-24ebdae\" data-id=\"24ebdae\" data-element_type=\"column\" data-settings=\"{&quot;background_background&quot;:&quot;classic&quot;}\">\n\t\t\t<div class=\"elementor-widget-wrap elementor-element-populated\">\n\t\t\t\t\t\t<div class=\"elementor-element elementor-element-cd2949f elementor-widget elementor-widget-spacer\" data-id=\"cd2949f\" data-element_type=\"widget\" data-widget_type=\"spacer.default\">\n\t\t\t\t<div class=\"elementor-widget-container\">\n\t\t\t\t\t<div class=\"elementor-spacer\">\n\t\t\t<div class=\"elementor-spacer-inner\"><\/div>\n\t\t<\/div>\n\t\t\t\t<\/div>\n\t\t\t\t<\/div>\n\t\t\t\t\t<\/div>\n\t\t<\/div>\n\t\t\t\t\t<\/div>\n\t\t<\/section>\n\t\t\t\t<\/div>","protected":false},"excerpt":{"rendered":"<p>M\u016bs\u0173 Kontaktai Adresas Vilniaus raj., Lavori\u0161ki\u0173 sen., Pe\u010diulin\u0117s 3, LT-15231 Telefonas +370 63120449 El. pa\u0161tas info@petshotel.lt Kontaktin\u0117 forma U\u017eduokite klausim\u0105 Informacija apie atvykim\u0105 Va\u017eiuojam pagrindiniu keliu Vilnius \u2013 Polockas 103 (link Lavori\u0161ki\u0173), priva\u017eiavus III Uosininkus pasukam \u012f kair\u0119 pus\u0119 (\u017eenklas bus Girininkijos g), tada va\u017eiuojam \u017evyrkeliu tiesiai laikydamiesi de\u0161iniau (navigacija da\u017enai rodo keliuk\u0105 va\u017eiuoti kairiau, [&hellip;]<\/p>","protected":false},"author":1,"featured_media":0,"parent":0,"menu_order":0,"comment_status":"closed","ping_status":"closed","template":"","meta":{"_monsterinsights_skip_tracking":false,"_monsterinsights_sitenote_active":false,"_monsterinsights_sitenote_note":"","_monsterinsights_sitenote_category":0,"footnotes":""},"aioseo_notices":[],"_links":{"self":[{"href":"https:\/\/petshotel.lt\/en\/wp-json\/wp\/v2\/pages\/637"}],"collection":[{"href":"https:\/\/petshotel.lt\/en\/wp-json\/wp\/v2\/pages"}],"about":[{"href":"https:\/\/petshotel.lt\/en\/wp-json\/wp\/v2\/types\/page"}],"author":[{"embeddable":true,"href":"https:\/\/petshotel.lt\/en\/wp-json\/wp\/v2\/users\/1"}],"replies":[{"embeddable":true,"href":"https:\/\/petshotel.lt\/en\/wp-json\/wp\/v2\/comments?post=637"}],"version-history":[{"count":3,"href":"https:\/\/petshotel.lt\/en\/wp-json\/wp\/v2\/pages\/637\/revisions"}],"predecessor-version":[{"id":8323,"href":"https:\/\/petshotel.lt\/en\/wp-json\/wp\/v2\/pages\/637\/revisions\/8323"}],"wp:attachment":[{"href":"https:\/\/petshotel.lt\/en\/wp-json\/wp\/v2\/media?parent=637"}],"curies":[{"name":"wp","href":"https:\/\/api.w.org\/{rel}","templated":true}]}}